{"id":1152,"date":"2016-09-08T09:26:51","date_gmt":"2016-09-08T09:26:51","guid":{"rendered":"https:\/\/beingyouchange.wpengine.com\/?page_id=1152&#038;lang=sv"},"modified":"2020-04-08T12:28:43","modified_gmt":"2020-04-08T12:28:43","slug":"mms","status":"publish","type":"page","link":"https:\/\/beingyouchangingtheworld.com\/sv\/mms\/","title":{"rendered":""},"content":{"rendered":"<form action=\"http:\/\/www.pages03.net\/accessconsciousness\/AccessConsciousnessManageYourSubscriptions\/BYCW\/Swedish_DC_First_Chapter_BYCW_MMS\" method=\"post\"><!-- DO NOT REMOVE HIDDEN FIELD sp_exp --><\/p>\n<table border=\"0\" cellspacing=\"0\" cellpadding=\"0\">\n<tbody>\n<tr>\n<td style=\"padding: 5px 0px 0px 5px;\">\n<div style=\"position: relative; overflow: hidden; width: 650px;\">\n<div style=\"width: 644px; overflow: hidden;\">\n<div class=\"sectionHeader\" style=\"width: 644px; margin: 5px 3px;\"><strong>Din prenumeration<\/strong><\/div>\n<\/div>\n<\/div>\n<\/td>\n<\/tr>\n<tr>\n<td style=\"padding: 5px 0px 0px 5px;\">\n<div id=\"container_COLUMN34\" style=\"position: relative; overflow: hidden; width: 650px;\">\n<div style=\"width: 644px; overflow: hidden;\">\n<div class=\"fieldLabel\" style=\"width: 644px; margin: 5px 3px;\">Vill du forts\u00e4tta ta emot utskick fr\u00e5n \u201cVar den du \u00e4r och f\u00f6r\u00e4ndra v\u00e4rlden\u201d f\u00f6rsta kapitlets mejl-serie?<\/div>\n<\/div>\n<div style=\"margin: 0px 0px 0px 3px;\">\n<table border=\"0\" cellspacing=\"0\" cellpadding=\"0\">\n<tbody>\n<tr style=\"height: 20px;\">\n<td><input id=\"control_COLUMN34_0\" style=\"margin: 0px 4px 0px 0px; width: 13px;\" checked=\"checked\" name=\"DC First Chapter Being You Changing the World Swedish\" type=\"radio\" value=\"Yes\"><\/td>\n<td class=\"defaultText\" style=\"padding-right: 10px;\">Ja<\/td>\n<td><input id=\"control_COLUMN34_1\" style=\"margin: 0px 4px 0px 0px; width: 13px;\" name=\"DC First Chapter Being You Changing the World Swedish\" type=\"radio\" value=\"No\"><\/td>\n<td class=\"defaultText\" style=\"padding-right: 10px;\">Nej<\/td>\n<\/tr>\n<\/tbody>\n<\/table>\n<\/div>\n<\/div>\n<\/td>\n<\/tr>\n<tr>\n<td style=\"padding: 5px 0px 0px 5px;\">\n<div id=\"container_COLUMN10\" style=\"position: relative; overflow: hidden; width: 650px;\">\n<div style=\"width: 644px; overflow: hidden;\">\n<div class=\"fieldLabel\" style=\"width: 644px; margin: 5px 3px;\">Vill du forts\u00e4tta ta emot \u00f6vriga utskick fr\u00e5n Dr. Dain Heer och Access Consciousness?<\/div>\n<\/div>\n<div style=\"margin: 0px 0px 0px 3px;\">\n<table border=\"0\" cellspacing=\"0\" cellpadding=\"0\">\n<tbody>\n<tr style=\"height: 20px;\">\n<td><input id=\"control_COLUMN10_0\" style=\"margin: 0px 4px 0px 0px; width: 13px;\" name=\"opt_out_all\" type=\"radio\" value=\"True\"><\/td>\n<td class=\"defaultText\" style=\"padding-right: 10px;\">Nej<\/td>\n<\/tr>\n<tr style=\"height: 20px;\">\n<td><input id=\"control_COLUMN10_1\" style=\"margin: 0px 4px 0px 0px; width: 13px;\" checked=\"checked\" name=\"opt_out_all\" type=\"radio\" value=\"False\"><\/td>\n<td class=\"defaultText\" style=\"padding-right: 10px;\">Ja<\/td>\n<\/tr>\n<\/tbody>\n<\/table>\n<\/div>\n<\/div>\n<\/td>\n<\/tr>\n<tr>\n<td style=\"padding: 5px 0px 0px 5px;\">\n<div id=\"container_COLUMN7\" style=\"position: relative; overflow: hidden; width: 650px;\">\n<div style=\"width: 644px; overflow: hidden;\">\n<div class=\"fieldLabel\" style=\"width: 644px; margin: 5px 3px;\">F\u00f6rnamn<span class=\"required\">*<\/span><\/div>\n<\/div>\n<p><input id=\"control_COLUMN7\" class=\"textInput defaultText\" style=\"margin: 0 3px 5px 3px; height: 20px; width: 294px;\" name=\"firstname\" type=\"text\"><\/p>\n<\/div>\n<\/td>\n<\/tr>\n<tr>\n<td style=\"padding: 5px 0px 0px 5px;\">\n<div id=\"container_EMAIL\" style=\"position: relative; overflow: hidden; width: 650px;\">\n<div style=\"width: 644px; overflow: hidden;\">\n<div class=\"fieldLabel\" style=\"width: 644px; margin: 5px 3px;\">Epost<span class=\"required\">*<\/span><\/div>\n<\/div>\n<p><input id=\"control_EMAIL\" class=\"textInput defaultText\" style=\"margin: 0 3px 5px 3px; height: 20px; width: 294px;\" name=\"Email\" type=\"text\"><\/p>\n<\/div>\n<\/td>\n<\/tr>\n<tr>\n<td id=\"errorMessageContainerId\" class=\"formErrorMessages\" style=\"display: none;\"><\/td>\n<\/tr>\n<tr>\n<td style=\"padding: 5px 0px 0px 5px;\">\n<div style=\"position: relative; overflow: hidden; width: 650px;\">\n<table border=\"0\" cellspacing=\"0\" cellpadding=\"0\">\n<tbody>\n<tr>\n<td style=\"padding-right: 10px;\"><input class=\"defaultText buttonStyle\" type=\"submit\" value=\"Skicka\"><\/td>\n<\/tr>\n<\/tbody>\n<\/table>\n<\/div>\n<\/td>\n<\/tr>\n<\/tbody>\n<\/table>\n<\/form>\n","protected":false},"excerpt":{"rendered":"<p>Din prenumeration Vill du forts\u00e4tta ta emot utskick fr\u00e5n \u201cVar den du \u00e4r och f\u00f6r\u00e4ndra v\u00e4rlden\u201d f\u00f6rsta kapitlets mejl-serie? Ja Nej Vill du forts\u00e4tta ta emot \u00f6vriga utskick fr\u00e5n Dr. [&hellip;]<\/p>\n","protected":false},"author":40,"featured_media":0,"parent":0,"menu_order":0,"comment_status":"closed","ping_status":"closed","template":"pages\/page-block.php","meta":{"_acf_changed":false,"footnotes":""},"class_list":["post-1152","page","type-page","status-publish","hentry"],"acf":[],"yoast_head":"<!-- This site is optimized with the Yoast SEO plugin v26.0 - https:\/\/yoast.com\/wordpress\/plugins\/seo\/ -->\n<title>- Dain Heer<\/title>\n<meta name=\"robots\" content=\"index, follow, max-snippet:-1, max-image-preview:large, max-video-preview:-1\" \/>\n<link rel=\"canonical\" href=\"https:\/\/beingyouchangingtheworld.com\/manage-your-subscriptions\/\" \/>\n<meta property=\"og:locale\" content=\"sv_SE\" \/>\n<meta property=\"og:type\" content=\"article\" \/>\n<meta property=\"og:title\" content=\"- Dain Heer\" \/>\n<meta property=\"og:description\" content=\"Din prenumeration Vill du forts\u00e4tta ta emot utskick fr\u00e5n \u201cVar den du \u00e4r och f\u00f6r\u00e4ndra v\u00e4rlden\u201d f\u00f6rsta kapitlets mejl-serie? Ja Nej Vill du forts\u00e4tta ta emot \u00f6vriga utskick fr\u00e5n Dr. [&hellip;]\" \/>\n<meta property=\"og:url\" content=\"https:\/\/beingyouchangingtheworld.com\/manage-your-subscriptions\/\" \/>\n<meta property=\"og:site_name\" content=\"Dain Heer\" \/>\n<meta property=\"article:modified_time\" content=\"2020-04-08T12:28:43+00:00\" \/>\n<meta name=\"twitter:card\" content=\"summary_large_image\" \/>\n<script type=\"application\/ld+json\" class=\"yoast-schema-graph\">{\"@context\":\"https:\/\/schema.org\",\"@graph\":[{\"@type\":\"WebPage\",\"@id\":\"https:\/\/beingyouchangingtheworld.com\/manage-your-subscriptions\/\",\"url\":\"https:\/\/beingyouchangingtheworld.com\/manage-your-subscriptions\/\",\"name\":\"- Dain Heer\",\"isPartOf\":{\"@id\":\"https:\/\/beingyouchangingtheworld.com\/#website\"},\"datePublished\":\"2016-09-08T09:26:51+00:00\",\"dateModified\":\"2020-04-08T12:28:43+00:00\",\"inLanguage\":\"sv-SE\",\"potentialAction\":[{\"@type\":\"ReadAction\",\"target\":[\"https:\/\/beingyouchangingtheworld.com\/manage-your-subscriptions\/\"]}]},{\"@type\":\"WebSite\",\"@id\":\"https:\/\/beingyouchangingtheworld.com\/#website\",\"url\":\"https:\/\/beingyouchangingtheworld.com\/\",\"name\":\"Dain Heer\",\"description\":\"The book \u2013 Being you changing the world | Dr. Dain Heer\",\"potentialAction\":[{\"@type\":\"SearchAction\",\"target\":{\"@type\":\"EntryPoint\",\"urlTemplate\":\"https:\/\/beingyouchangingtheworld.com\/?s={search_term_string}\"},\"query-input\":{\"@type\":\"PropertyValueSpecification\",\"valueRequired\":true,\"valueName\":\"search_term_string\"}}],\"inLanguage\":\"sv-SE\"}]}<\/script>\n<!-- \/ Yoast SEO plugin. -->","yoast_head_json":{"title":"- Dain Heer","robots":{"index":"index","follow":"follow","max-snippet":"max-snippet:-1","max-image-preview":"max-image-preview:large","max-video-preview":"max-video-preview:-1"},"canonical":"https:\/\/beingyouchangingtheworld.com\/manage-your-subscriptions\/","og_locale":"sv_SE","og_type":"article","og_title":"- Dain Heer","og_description":"Din prenumeration Vill du forts\u00e4tta ta emot utskick fr\u00e5n \u201cVar den du \u00e4r och f\u00f6r\u00e4ndra v\u00e4rlden\u201d f\u00f6rsta kapitlets mejl-serie? Ja Nej Vill du forts\u00e4tta ta emot \u00f6vriga utskick fr\u00e5n Dr. [&hellip;]","og_url":"https:\/\/beingyouchangingtheworld.com\/manage-your-subscriptions\/","og_site_name":"Dain Heer","article_modified_time":"2020-04-08T12:28:43+00:00","twitter_card":"summary_large_image","schema":{"@context":"https:\/\/schema.org","@graph":[{"@type":"WebPage","@id":"https:\/\/beingyouchangingtheworld.com\/manage-your-subscriptions\/","url":"https:\/\/beingyouchangingtheworld.com\/manage-your-subscriptions\/","name":"- Dain Heer","isPartOf":{"@id":"https:\/\/beingyouchangingtheworld.com\/#website"},"datePublished":"2016-09-08T09:26:51+00:00","dateModified":"2020-04-08T12:28:43+00:00","inLanguage":"sv-SE","potentialAction":[{"@type":"ReadAction","target":["https:\/\/beingyouchangingtheworld.com\/manage-your-subscriptions\/"]}]},{"@type":"WebSite","@id":"https:\/\/beingyouchangingtheworld.com\/#website","url":"https:\/\/beingyouchangingtheworld.com\/","name":"Dain Heer","description":"The book \u2013 Being you changing the world | Dr. Dain Heer","potentialAction":[{"@type":"SearchAction","target":{"@type":"EntryPoint","urlTemplate":"https:\/\/beingyouchangingtheworld.com\/?s={search_term_string}"},"query-input":{"@type":"PropertyValueSpecification","valueRequired":true,"valueName":"search_term_string"}}],"inLanguage":"sv-SE"}]}},"_links":{"self":[{"href":"https:\/\/beingyouchangingtheworld.com\/sv\/wp-json\/wp\/v2\/pages\/1152","targetHints":{"allow":["GET"]}}],"collection":[{"href":"https:\/\/beingyouchangingtheworld.com\/sv\/wp-json\/wp\/v2\/pages"}],"about":[{"href":"https:\/\/beingyouchangingtheworld.com\/sv\/wp-json\/wp\/v2\/types\/page"}],"author":[{"embeddable":true,"href":"https:\/\/beingyouchangingtheworld.com\/sv\/wp-json\/wp\/v2\/users\/40"}],"replies":[{"embeddable":true,"href":"https:\/\/beingyouchangingtheworld.com\/sv\/wp-json\/wp\/v2\/comments?post=1152"}],"version-history":[{"count":0,"href":"https:\/\/beingyouchangingtheworld.com\/sv\/wp-json\/wp\/v2\/pages\/1152\/revisions"}],"wp:attachment":[{"href":"https:\/\/beingyouchangingtheworld.com\/sv\/wp-json\/wp\/v2\/media?parent=1152"}],"curies":[{"name":"wp","href":"https:\/\/api.w.org\/{rel}","templated":true}]}}