{"id":2400,"date":"2016-09-08T09:26:51","date_gmt":"2016-09-08T09:26:51","guid":{"rendered":"https:\/\/beingyouchange.wpengine.com\/?page_id=2400"},"modified":"2021-05-08T09:29:44","modified_gmt":"2021-05-08T09:29:44","slug":"manage-your-subscriptions","status":"publish","type":"page","link":"https:\/\/beingyouchangingtheworld.com\/ro\/manage-your-subscriptions\/","title":{"rendered":"Manage Your Subscriptions"},"content":{"rendered":"<form action=\"http:\/\/www.pages03.net\/accessconsciousness\/AccessConsciousnessManageYourSubscriptions\/BYCW\/DC_First_Chapter_BYCW_Engl_MMS\" method=\"post\">\n<table border=\"0\" cellspacing=\"0\" cellpadding=\"0\">\n<tbody>\n<tr>\n<td style=\"padding: 5px 0px 0px 5px;\">\n<div id=\"container_COLUMN31\" style=\"position: relative; overflow: hidden; width: 650px;\">\n<div style=\"width: 644px; overflow: hidden;\">\n<div class=\"fieldLabel\" style=\"width: 644px; margin: 5px 3px;\">\n<p class=\"p1\"><span class=\"s1\">\u021ai-ar pl\u0103cea s\u0103 continui s\u0103 prime\u0219ti emailuri din Primul Capitol Al Seriilor Fii Tu, Schimb\u0103 Lumea?<\/span><\/p>\n<\/div>\n<\/div>\n<div style=\"margin: 0px 0px 0px 3px;\">\n<table border=\"0\" cellspacing=\"0\" cellpadding=\"0\">\n<tbody>\n<tr style=\"height: 20px;\">\n<td><input id=\"control_COLUMN31_0\" style=\"margin: 0px 4px 0px 0px; width: 13px;\" name=\"DC First Chapter Being You Changing the World\" type=\"radio\" value=\"Yes\" \/><\/td>\n<td class=\"defaultText\" style=\"padding-right: 10px;\">\n<p class=\"p1\"><span class=\"s1\">Da<\/span><\/p>\n<\/td>\n<td><input id=\"control_COLUMN31_1\" style=\"margin: 0px 4px 0px 0px; width: 13px;\" name=\"DC First Chapter Being You Changing the World\" type=\"radio\" value=\"No\" \/><\/td>\n<td class=\"defaultText\" style=\"padding-right: 10px;\">Nu<\/td>\n<\/tr>\n<\/tbody>\n<\/table>\n<\/div>\n<\/div>\n<\/td>\n<\/tr>\n<tr>\n<td style=\"padding: 5px 0px 0px 5px;\">\n<div id=\"container_COLUMN10\" style=\"position: relative; overflow: hidden; width: 650px;\">\n<div style=\"width: 644px; overflow: hidden;\">\n<div class=\"fieldLabel\" style=\"width: 644px; margin: 5px 3px;\">\n<p class=\"p1\"><span class=\"s1\">Dore\u0219ti s\u0103 nu mai prime\u0219ti nici un email de la Dr Dain Heer \u0219i Access Consciousness?<\/span><\/p>\n<\/div>\n<\/div>\n<div style=\"margin: 0px 0px 0px 3px;\">\n<table border=\"0\" cellspacing=\"0\" cellpadding=\"0\">\n<tbody>\n<tr style=\"height: 20px;\">\n<td><input id=\"control_COLUMN10_0\" style=\"margin: 0px 4px 0px 0px; width: 13px;\" name=\"opt_out_all\" type=\"radio\" value=\"True\" \/><\/td>\n<td class=\"defaultText\" style=\"padding-right: 10px;\">Da<\/td>\n<\/tr>\n<tr style=\"height: 20px;\">\n<td><input id=\"control_COLUMN10_1\" style=\"margin: 0px 4px 0px 0px; width: 13px;\" checked=\"checked\" name=\"opt_out_all\" type=\"radio\" value=\"False\" \/><\/td>\n<td class=\"defaultText\" style=\"padding-right: 10px;\">Nu<\/td>\n<\/tr>\n<\/tbody>\n<\/table>\n<\/div>\n<\/div>\n<\/td>\n<\/tr>\n<tr>\n<td style=\"padding: 5px 0px 0px 5px;\">\n<div id=\"container_COLUMN7\" style=\"position: relative; overflow: hidden; width: 650px;\">\n<div style=\"width: 644px; overflow: hidden;\">\n<div class=\"fieldLabel\" style=\"width: 644px; margin: 5px 3px;\">\n<p class=\"p1\"><span class=\"s1\">Prenumele T\u0103u<\/span><span style=\"font-family: inherit; font-size: inherit;\">*<\/span><\/p>\n<\/div>\n<\/div>\n<p><input id=\"control_COLUMN7\" class=\"textInput defaultText\" style=\"margin: 0 3px 5px 3px; height: 20px; width: 294px;\" name=\"firstname\" type=\"text\" \/><\/p>\n<\/div>\n<\/td>\n<\/tr>\n<tr>\n<td style=\"padding: 5px 0px 0px 5px;\">\n<div id=\"container_EMAIL\" style=\"position: relative; overflow: hidden; width: 650px;\">\n<div style=\"width: 644px; overflow: hidden;\">\n<div class=\"fieldLabel\" style=\"width: 644px; margin: 5px 3px;\">\n<p class=\"p1\"><span class=\"s1\">Emailul cu care te-ai inscris<\/span><span style=\"font-family: inherit; font-size: inherit;\">*<\/span><\/p>\n<\/div>\n<\/div>\n<p><input id=\"control_EMAIL\" class=\"textInput defaultText\" style=\"margin: 0 3px 5px 3px; height: 20px; width: 294px;\" name=\"Email\" type=\"text\" \/><\/p>\n<\/div>\n<\/td>\n<\/tr>\n<tr>\n<td id=\"errorMessageContainerId\" class=\"formErrorMessages\" style=\"display: none;\">\u00a0<\/td>\n<\/tr>\n<tr>\n<td style=\"padding: 5px 0px 0px 5px;\">\n<div style=\"position: relative; overflow: hidden; width: 650px;\">\n<table border=\"0\" cellspacing=\"0\" cellpadding=\"0\">\n<tbody>\n<tr>\n<td style=\"padding-right: 10px; width: 144px;\"><input class=\"defaultText buttonStyle\" type=\"submit\" value=\"Change my subscription\" \/><\/td>\n<\/tr>\n<\/tbody>\n<\/table>\n<\/div>\n<\/td>\n<\/tr>\n<p><!-- DO NOT REMOVE HIDDEN FIELD sp_exp --><\/tbody>\n<\/table>\n<\/form>\n","protected":false},"excerpt":{"rendered":"<p>\u021ai-ar pl\u0103cea s\u0103 continui s\u0103 prime\u0219ti emailuri din Primul Capitol Al Seriilor Fii Tu, Schimb\u0103 Lumea? Da Nu Dore\u0219ti s\u0103 nu mai prime\u0219ti nici un email de la Dr Dain [&hellip;]<\/p>\n","protected":false},"author":40,"featured_media":0,"parent":0,"menu_order":0,"comment_status":"closed","ping_status":"closed","template":"pages\/page-block.php","meta":{"_acf_changed":false,"footnotes":""},"class_list":["post-2400","page","type-page","status-publish","hentry"],"acf":[],"yoast_head":"<!-- This site is optimized with the Yoast SEO plugin v26.0 - https:\/\/yoast.com\/wordpress\/plugins\/seo\/ -->\n<title>Manage Your Subscriptions - Dain Heer<\/title>\n<meta name=\"robots\" content=\"index, follow, max-snippet:-1, max-image-preview:large, max-video-preview:-1\" \/>\n<link rel=\"canonical\" href=\"https:\/\/beingyouchangingtheworld.com\/manage-your-subscriptions\/\" \/>\n<meta property=\"og:locale\" content=\"ro_RO\" \/>\n<meta property=\"og:type\" content=\"article\" \/>\n<meta property=\"og:title\" content=\"Manage Your Subscriptions - Dain Heer\" \/>\n<meta property=\"og:description\" content=\"\u021ai-ar pl\u0103cea s\u0103 continui s\u0103 prime\u0219ti emailuri din Primul Capitol Al Seriilor Fii Tu, Schimb\u0103 Lumea? Da Nu Dore\u0219ti s\u0103 nu mai prime\u0219ti nici un email de la Dr Dain [&hellip;]\" \/>\n<meta property=\"og:url\" content=\"https:\/\/beingyouchangingtheworld.com\/manage-your-subscriptions\/\" \/>\n<meta property=\"og:site_name\" content=\"Dain Heer\" \/>\n<meta property=\"article:modified_time\" content=\"2021-05-08T09:29:44+00:00\" \/>\n<meta name=\"twitter:card\" content=\"summary_large_image\" \/>\n<script type=\"application\/ld+json\" class=\"yoast-schema-graph\">{\"@context\":\"https:\/\/schema.org\",\"@graph\":[{\"@type\":\"WebPage\",\"@id\":\"https:\/\/beingyouchangingtheworld.com\/manage-your-subscriptions\/\",\"url\":\"https:\/\/beingyouchangingtheworld.com\/manage-your-subscriptions\/\",\"name\":\"Manage Your Subscriptions - Dain Heer\",\"isPartOf\":{\"@id\":\"https:\/\/beingyouchangingtheworld.com\/#website\"},\"datePublished\":\"2016-09-08T09:26:51+00:00\",\"dateModified\":\"2021-05-08T09:29:44+00:00\",\"breadcrumb\":{\"@id\":\"https:\/\/beingyouchangingtheworld.com\/manage-your-subscriptions\/#breadcrumb\"},\"inLanguage\":\"ro-RO\",\"potentialAction\":[{\"@type\":\"ReadAction\",\"target\":[\"https:\/\/beingyouchangingtheworld.com\/manage-your-subscriptions\/\"]}]},{\"@type\":\"BreadcrumbList\",\"@id\":\"https:\/\/beingyouchangingtheworld.com\/manage-your-subscriptions\/#breadcrumb\",\"itemListElement\":[{\"@type\":\"ListItem\",\"position\":1,\"name\":\"Home\",\"item\":\"https:\/\/beingyouchangingtheworld.com\/ro\/\"},{\"@type\":\"ListItem\",\"position\":2,\"name\":\"Manage Your Subscriptions\"}]},{\"@type\":\"WebSite\",\"@id\":\"https:\/\/beingyouchangingtheworld.com\/#website\",\"url\":\"https:\/\/beingyouchangingtheworld.com\/\",\"name\":\"Dain Heer\",\"description\":\"The book \u2013 Being you changing the world | Dr. Dain Heer\",\"potentialAction\":[{\"@type\":\"SearchAction\",\"target\":{\"@type\":\"EntryPoint\",\"urlTemplate\":\"https:\/\/beingyouchangingtheworld.com\/?s={search_term_string}\"},\"query-input\":{\"@type\":\"PropertyValueSpecification\",\"valueRequired\":true,\"valueName\":\"search_term_string\"}}],\"inLanguage\":\"ro-RO\"}]}<\/script>\n<!-- \/ Yoast SEO plugin. -->","yoast_head_json":{"title":"Manage Your Subscriptions - Dain Heer","robots":{"index":"index","follow":"follow","max-snippet":"max-snippet:-1","max-image-preview":"max-image-preview:large","max-video-preview":"max-video-preview:-1"},"canonical":"https:\/\/beingyouchangingtheworld.com\/manage-your-subscriptions\/","og_locale":"ro_RO","og_type":"article","og_title":"Manage Your Subscriptions - Dain Heer","og_description":"\u021ai-ar pl\u0103cea s\u0103 continui s\u0103 prime\u0219ti emailuri din Primul Capitol Al Seriilor Fii Tu, Schimb\u0103 Lumea? Da Nu Dore\u0219ti s\u0103 nu mai prime\u0219ti nici un email de la Dr Dain [&hellip;]","og_url":"https:\/\/beingyouchangingtheworld.com\/manage-your-subscriptions\/","og_site_name":"Dain Heer","article_modified_time":"2021-05-08T09:29:44+00:00","twitter_card":"summary_large_image","schema":{"@context":"https:\/\/schema.org","@graph":[{"@type":"WebPage","@id":"https:\/\/beingyouchangingtheworld.com\/manage-your-subscriptions\/","url":"https:\/\/beingyouchangingtheworld.com\/manage-your-subscriptions\/","name":"Manage Your Subscriptions - Dain Heer","isPartOf":{"@id":"https:\/\/beingyouchangingtheworld.com\/#website"},"datePublished":"2016-09-08T09:26:51+00:00","dateModified":"2021-05-08T09:29:44+00:00","breadcrumb":{"@id":"https:\/\/beingyouchangingtheworld.com\/manage-your-subscriptions\/#breadcrumb"},"inLanguage":"ro-RO","potentialAction":[{"@type":"ReadAction","target":["https:\/\/beingyouchangingtheworld.com\/manage-your-subscriptions\/"]}]},{"@type":"BreadcrumbList","@id":"https:\/\/beingyouchangingtheworld.com\/manage-your-subscriptions\/#breadcrumb","itemListElement":[{"@type":"ListItem","position":1,"name":"Home","item":"https:\/\/beingyouchangingtheworld.com\/ro\/"},{"@type":"ListItem","position":2,"name":"Manage Your Subscriptions"}]},{"@type":"WebSite","@id":"https:\/\/beingyouchangingtheworld.com\/#website","url":"https:\/\/beingyouchangingtheworld.com\/","name":"Dain Heer","description":"The book \u2013 Being you changing the world | Dr. Dain Heer","potentialAction":[{"@type":"SearchAction","target":{"@type":"EntryPoint","urlTemplate":"https:\/\/beingyouchangingtheworld.com\/?s={search_term_string}"},"query-input":{"@type":"PropertyValueSpecification","valueRequired":true,"valueName":"search_term_string"}}],"inLanguage":"ro-RO"}]}},"_links":{"self":[{"href":"https:\/\/beingyouchangingtheworld.com\/ro\/wp-json\/wp\/v2\/pages\/2400","targetHints":{"allow":["GET"]}}],"collection":[{"href":"https:\/\/beingyouchangingtheworld.com\/ro\/wp-json\/wp\/v2\/pages"}],"about":[{"href":"https:\/\/beingyouchangingtheworld.com\/ro\/wp-json\/wp\/v2\/types\/page"}],"author":[{"embeddable":true,"href":"https:\/\/beingyouchangingtheworld.com\/ro\/wp-json\/wp\/v2\/users\/40"}],"replies":[{"embeddable":true,"href":"https:\/\/beingyouchangingtheworld.com\/ro\/wp-json\/wp\/v2\/comments?post=2400"}],"version-history":[{"count":0,"href":"https:\/\/beingyouchangingtheworld.com\/ro\/wp-json\/wp\/v2\/pages\/2400\/revisions"}],"wp:attachment":[{"href":"https:\/\/beingyouchangingtheworld.com\/ro\/wp-json\/wp\/v2\/media?parent=2400"}],"curies":[{"name":"wp","href":"https:\/\/api.w.org\/{rel}","templated":true}]}}