{"id":16796,"date":"2016-09-08T09:26:51","date_gmt":"2016-09-08T09:26:51","guid":{"rendered":"https:\/\/beingyouchange.wpengine.com\/manage-your-subscriptions\/"},"modified":"2021-05-08T09:30:45","modified_gmt":"2021-05-08T09:30:45","slug":"manage-your-subscriptions","status":"publish","type":"page","link":"https:\/\/beingyouchangingtheworld.com\/hu\/manage-your-subscriptions\/","title":{"rendered":"FELIRATKOZ\u00c1SOM KEZEL\u00c9SE"},"content":{"rendered":"<form action=\"http:\/\/www.pages03.net\/accessconsciousness\/BYCWHungarian\/BYCWHungarianOptOUT\" method=\"post\">\n<div class=\"form-group\"><input checked=\"checked\" type=\"radio\"><strong> K\u00e9rem, hogy NE k\u00fcldj\u00e9k el nekem az els\u0151 fejezet a \u201cL\u00e9tezz \u00f6nmagadk\u00e9nt, \u00e9s megv\u00e1ltozik a vil\u00e1g\u201d sorozatb\u00f3l hanganyagot magyar nyelven.<\/strong><\/div>\n<div class=\"form-group\"><input id=\"control_COLUMN7\" class=\"form-control\" name=\"firstname\" type=\"text\" value=\"\" placeholder=\"Keresztneved*\"><\/div>\n<div class=\"form-group\">\n<p><input id=\"control_EMAIL\" class=\"form-control\" name=\"Email\" type=\"text\" value=\"\" placeholder=\"A feliratkoz\u00e1shoz haszn\u00e1lt emailc\u00edm*\"><\/p>\n<div class=\"form-group\"><input id=\"control_COLUMN69\" name=\"BYCW Hungarian 1st Chapter Sept 2020\" type=\"hidden\" value=\"No\"><input name=\"formSourceName\" type=\"hidden\" value=\"StandardForm\"><input name=\"sp_exp\" type=\"hidden\" value=\"yes\"><\/div>\n<p><input id=\"\" class=\"btn btn-primary\" name=\"submit\" type=\"submit\" value=\"LEIRATKOZOM\"><\/p>\n<p style=\"text-align: left;\"><small>*Ha szeretn\u00e9l az Access Consciousness \u00f6sszes emailj\u00e9r\u0151l leiratkozni, vagy megv\u00e1ltoztatni a nyelvi \u00e9s email be\u00e1ll\u00edt\u00e1saidat, akkor k\u00e9rj\u00fck, <a href=\"https:\/\/www.accessconsciousness.com\/hu\/subscriptions\/my-personal-data\/\" target=\"_blank\" rel=\"noopener noreferrer\"><u>KATTINTS IDE<\/u><\/a>.<\/small><\/p>\n<\/div>\n<\/form>\n","protected":false},"excerpt":{"rendered":"<p>K\u00e9rem, hogy NE k\u00fcldj\u00e9k el nekem az els\u0151 fejezet a \u201cL\u00e9tezz \u00f6nmagadk\u00e9nt, \u00e9s megv\u00e1ltozik a vil\u00e1g\u201d sorozatb\u00f3l hanganyagot magyar nyelven. *Ha szeretn\u00e9l az Access Consciousness \u00f6sszes emailj\u00e9r\u0151l leiratkozni, vagy megv\u00e1ltoztatni [&hellip;]<\/p>\n","protected":false},"author":40,"featured_media":0,"parent":0,"menu_order":0,"comment_status":"closed","ping_status":"closed","template":"pages\/page-block.php","meta":{"_acf_changed":false,"footnotes":""},"class_list":["post-16796","page","type-page","status-publish","hentry"],"acf":[],"yoast_head":"<!-- This site is optimized with the Yoast SEO plugin v26.0 - https:\/\/yoast.com\/wordpress\/plugins\/seo\/ -->\n<title>FELIRATKOZ\u00c1SOM KEZEL\u00c9SE - Dain Heer<\/title>\n<meta name=\"robots\" content=\"index, follow, max-snippet:-1, max-image-preview:large, max-video-preview:-1\" \/>\n<link rel=\"canonical\" href=\"https:\/\/beingyouchangingtheworld.com\/manage-your-subscriptions\/\" \/>\n<meta property=\"og:locale\" content=\"hu_HU\" \/>\n<meta property=\"og:type\" content=\"article\" \/>\n<meta property=\"og:title\" content=\"FELIRATKOZ\u00c1SOM KEZEL\u00c9SE - Dain Heer\" \/>\n<meta property=\"og:description\" content=\"K\u00e9rem, hogy NE k\u00fcldj\u00e9k el nekem az els\u0151 fejezet a \u201cL\u00e9tezz \u00f6nmagadk\u00e9nt, \u00e9s megv\u00e1ltozik a vil\u00e1g\u201d sorozatb\u00f3l hanganyagot magyar nyelven. *Ha szeretn\u00e9l az Access Consciousness \u00f6sszes emailj\u00e9r\u0151l leiratkozni, vagy megv\u00e1ltoztatni [&hellip;]\" \/>\n<meta property=\"og:url\" content=\"https:\/\/beingyouchangingtheworld.com\/manage-your-subscriptions\/\" \/>\n<meta property=\"og:site_name\" content=\"Dain Heer\" \/>\n<meta property=\"article:modified_time\" content=\"2021-05-08T09:30:45+00:00\" \/>\n<meta name=\"twitter:card\" content=\"summary_large_image\" \/>\n<script type=\"application\/ld+json\" class=\"yoast-schema-graph\">{\"@context\":\"https:\/\/schema.org\",\"@graph\":[{\"@type\":\"WebPage\",\"@id\":\"https:\/\/beingyouchangingtheworld.com\/manage-your-subscriptions\/\",\"url\":\"https:\/\/beingyouchangingtheworld.com\/manage-your-subscriptions\/\",\"name\":\"FELIRATKOZ\u00c1SOM KEZEL\u00c9SE - Dain Heer\",\"isPartOf\":{\"@id\":\"https:\/\/beingyouchangingtheworld.com\/#website\"},\"datePublished\":\"2016-09-08T09:26:51+00:00\",\"dateModified\":\"2021-05-08T09:30:45+00:00\",\"breadcrumb\":{\"@id\":\"https:\/\/beingyouchangingtheworld.com\/manage-your-subscriptions\/#breadcrumb\"},\"inLanguage\":\"hu\",\"potentialAction\":[{\"@type\":\"ReadAction\",\"target\":[\"https:\/\/beingyouchangingtheworld.com\/manage-your-subscriptions\/\"]}]},{\"@type\":\"BreadcrumbList\",\"@id\":\"https:\/\/beingyouchangingtheworld.com\/manage-your-subscriptions\/#breadcrumb\",\"itemListElement\":[{\"@type\":\"ListItem\",\"position\":1,\"name\":\"Home\",\"item\":\"https:\/\/beingyouchangingtheworld.com\/\"},{\"@type\":\"ListItem\",\"position\":2,\"name\":\"FELIRATKOZ\u00c1SOM KEZEL\u00c9SE\"}]},{\"@type\":\"WebSite\",\"@id\":\"https:\/\/beingyouchangingtheworld.com\/#website\",\"url\":\"https:\/\/beingyouchangingtheworld.com\/\",\"name\":\"Dain Heer\",\"description\":\"The book \u2013 Being you changing the world | Dr. Dain Heer\",\"potentialAction\":[{\"@type\":\"SearchAction\",\"target\":{\"@type\":\"EntryPoint\",\"urlTemplate\":\"https:\/\/beingyouchangingtheworld.com\/?s={search_term_string}\"},\"query-input\":{\"@type\":\"PropertyValueSpecification\",\"valueRequired\":true,\"valueName\":\"search_term_string\"}}],\"inLanguage\":\"hu\"}]}<\/script>\n<!-- \/ Yoast SEO plugin. -->","yoast_head_json":{"title":"FELIRATKOZ\u00c1SOM KEZEL\u00c9SE - Dain Heer","robots":{"index":"index","follow":"follow","max-snippet":"max-snippet:-1","max-image-preview":"max-image-preview:large","max-video-preview":"max-video-preview:-1"},"canonical":"https:\/\/beingyouchangingtheworld.com\/manage-your-subscriptions\/","og_locale":"hu_HU","og_type":"article","og_title":"FELIRATKOZ\u00c1SOM KEZEL\u00c9SE - Dain Heer","og_description":"K\u00e9rem, hogy NE k\u00fcldj\u00e9k el nekem az els\u0151 fejezet a \u201cL\u00e9tezz \u00f6nmagadk\u00e9nt, \u00e9s megv\u00e1ltozik a vil\u00e1g\u201d sorozatb\u00f3l hanganyagot magyar nyelven. *Ha szeretn\u00e9l az Access Consciousness \u00f6sszes emailj\u00e9r\u0151l leiratkozni, vagy megv\u00e1ltoztatni [&hellip;]","og_url":"https:\/\/beingyouchangingtheworld.com\/manage-your-subscriptions\/","og_site_name":"Dain Heer","article_modified_time":"2021-05-08T09:30:45+00:00","twitter_card":"summary_large_image","schema":{"@context":"https:\/\/schema.org","@graph":[{"@type":"WebPage","@id":"https:\/\/beingyouchangingtheworld.com\/manage-your-subscriptions\/","url":"https:\/\/beingyouchangingtheworld.com\/manage-your-subscriptions\/","name":"FELIRATKOZ\u00c1SOM KEZEL\u00c9SE - Dain Heer","isPartOf":{"@id":"https:\/\/beingyouchangingtheworld.com\/#website"},"datePublished":"2016-09-08T09:26:51+00:00","dateModified":"2021-05-08T09:30:45+00:00","breadcrumb":{"@id":"https:\/\/beingyouchangingtheworld.com\/manage-your-subscriptions\/#breadcrumb"},"inLanguage":"hu","potentialAction":[{"@type":"ReadAction","target":["https:\/\/beingyouchangingtheworld.com\/manage-your-subscriptions\/"]}]},{"@type":"BreadcrumbList","@id":"https:\/\/beingyouchangingtheworld.com\/manage-your-subscriptions\/#breadcrumb","itemListElement":[{"@type":"ListItem","position":1,"name":"Home","item":"https:\/\/beingyouchangingtheworld.com\/"},{"@type":"ListItem","position":2,"name":"FELIRATKOZ\u00c1SOM KEZEL\u00c9SE"}]},{"@type":"WebSite","@id":"https:\/\/beingyouchangingtheworld.com\/#website","url":"https:\/\/beingyouchangingtheworld.com\/","name":"Dain Heer","description":"The book \u2013 Being you changing the world | Dr. Dain Heer","potentialAction":[{"@type":"SearchAction","target":{"@type":"EntryPoint","urlTemplate":"https:\/\/beingyouchangingtheworld.com\/?s={search_term_string}"},"query-input":{"@type":"PropertyValueSpecification","valueRequired":true,"valueName":"search_term_string"}}],"inLanguage":"hu"}]}},"_links":{"self":[{"href":"https:\/\/beingyouchangingtheworld.com\/hu\/wp-json\/wp\/v2\/pages\/16796","targetHints":{"allow":["GET"]}}],"collection":[{"href":"https:\/\/beingyouchangingtheworld.com\/hu\/wp-json\/wp\/v2\/pages"}],"about":[{"href":"https:\/\/beingyouchangingtheworld.com\/hu\/wp-json\/wp\/v2\/types\/page"}],"author":[{"embeddable":true,"href":"https:\/\/beingyouchangingtheworld.com\/hu\/wp-json\/wp\/v2\/users\/40"}],"replies":[{"embeddable":true,"href":"https:\/\/beingyouchangingtheworld.com\/hu\/wp-json\/wp\/v2\/comments?post=16796"}],"version-history":[{"count":0,"href":"https:\/\/beingyouchangingtheworld.com\/hu\/wp-json\/wp\/v2\/pages\/16796\/revisions"}],"wp:attachment":[{"href":"https:\/\/beingyouchangingtheworld.com\/hu\/wp-json\/wp\/v2\/media?parent=16796"}],"curies":[{"name":"wp","href":"https:\/\/api.w.org\/{rel}","templated":true}]}}